{"id":180,"date":"2022-03-10T17:00:30","date_gmt":"2022-03-10T16:00:30","guid":{"rendered":"https:\/\/johannes-funk.de\/blog\/?page_id=180"},"modified":"2022-03-15T13:00:16","modified_gmt":"2022-03-15T12:00:16","slug":"mein-cheatsheet-fuer-tastenkuerzel-auf-einem-windows-pc","status":"publish","type":"page","link":"https:\/\/johannes-funk.de\/blog\/mein-cheatsheet-fuer-tastenkuerzel-auf-einem-windows-pc\/","title":{"rendered":"Mein Cheatsheet f\u00fcr Tastenk\u00fcrzel auf einem Windows-PC"},"content":{"rendered":"<p><strong>Allgemeines<\/strong><br \/>\n<code>Tab<\/code> = Navigationselemente durchspringen.<br \/>\n<code>Shift<\/code> + <code>Tab<\/code> = Zum vorherigen Navigationselement springen.<\/p>\n<p><strong>Ctrl-Codes<\/strong><br \/>\n<code>Ctrl<\/code> + <code>T<\/code> = \u00d6ffnet einen neuen Tab.<br \/>\n<code>Ctrl<\/code> + <code>F4<\/code> = Schlie\u00dft den fokussierten Tab.<br \/>\n<code>Ctrl<\/code> + <code>Page \u25b2\/\u25bc<\/code> = Navigieren zwischen Tabs.<br \/>\n<code>Ctrl<\/code> + <code>Tab<\/code> = Tabs durchgehen.<br \/>\n<code>Ctrl<\/code> + <code>+<\/code> = Zoom in.<br \/>\n<code>Ctrl<\/code> + <code>-<\/code> = Zoom out.<br \/>\n<code>Ctrl<\/code> + <code>0<\/code> = Zoom auf 100% einstellen.<br \/>\n<code>Ctrl<\/code> + <code>\u25b2\/\u25bc<\/code> = Springt an den Anfang\/ das Ende eines Textes \/ einer Tabelle.<\/p>\n<p><strong>Alt-Codes<\/strong><br \/>\n<code>Alt<\/code> + <code>F4<\/code> = Applikation schlie\u00dfen.<\/p>\n<p><strong>Shift-Codes<\/strong><br \/>\n<code>Shift<\/code> + <code>\u25c4\/\u25ba<\/code> = Markiert Text Buchstabe f\u00fcr Buchstabe in Pfeilrichtung.<br \/>\n<code>Shift<\/code> + <code>Ctrl<\/code> + <code>\u25c4\/\u25ba<\/code> = Markiert Text Wort f\u00fcr Wort in Pfeilrichtung.<br \/>\n<code>Shift<\/code> + <code>\u25b2\/\u25bc<\/code> = Markiert Text Zeilenweise Pfeilrichtung.<br \/>\n<code>Shift<\/code> + <code>F10<\/code> = Rechtsklick mit der Maus. Zeigt Shortcut Men\u00fc.<\/p>\n<p><strong>Win-Codes<\/strong><br \/>\n<code>Win<\/code> + <code>B<\/code> = Taskbar im Fokus.<br \/>\n<code>Win<\/code> + <code>M<\/code> = Minimieren aller Fenster.<br \/>\n<code>Win<\/code> + <code>Shift<\/code> + <code>M<\/code> = Restore all Windows.<br \/>\n<code>Win<\/code> + <code>\u25bc<\/code> = angew\u00e4hltes Fenstern minimieren.<br \/>\n<code>Win<\/code> + <code>\u25c4\/\u25ba<\/code> = Aktives Fenster an der rechten\/linken Bildschirmh\u00e4lfte maximieren.<br \/>\n<code>Win<\/code> + <code>\u25b2<\/code> = Fenster vergr\u00f6\u00dfern.<br \/>\n<code>Win<\/code> + <code>E<\/code> = Explorer \u00f6ffnen.<br \/>\n<code>Win<\/code> + <code>T<\/code> = Durchgehen aller Applikationen in der Taskbar.<br \/>\n<code>Win<\/code> + <code>Space<\/code> = Eingabesprache wechseln.<br \/>\n<code>Win<\/code> + <code>.<\/code> = Emoji-Eingabe \u00f6ffnen.<\/p>\n<p><strong>F-Codes<\/strong><br \/>\n<code>F2<\/code> = Datei \/ Ordner umbenennen.<br \/>\n<code>F3<\/code> = Suchdialog \u00f6ffnen.<br \/>\n<code>F6<\/code> = Fixiert die Adresszeile in Browser oder Explorer.<br \/>\n<code>F10<\/code> = Fixiert das Men\u00fc des Browsers.<br \/>\n<code>F11<\/code> = Vollbild an\/aus.<\/p>\n<p><strong>Word<\/strong><br \/>\n<code>F5<\/code> = Suchen und ersetzen.<br \/>\n<code>Alt<\/code> + <code>F7<\/code> = Text auf Rechtschreibung pr\u00fcfen.<\/p>\n<p><strong>Excel<\/strong><br \/>\n<code>F5<\/code> = Suchen und ersetzen.<\/p>\n<p><strong>Powerpoint<\/strong><br \/>\n<code>F5<\/code> = Bildschirmpr\u00e4sentation starten.<br \/>\n<code>Shift<\/code> + <code>F5<\/code> = Bildschirmpr\u00e4sentation ab aktueller Folie starten.<\/p>\n<p><em>W\u00e4hrend einer Pr\u00e4sentation:<\/em><br \/>\n<code>Ctrl<\/code> + <code>L<\/code> = Laserpointer an Verlassen \u00fcber <code>Esc<\/code>.<br \/>\n<code>B<\/code> \/ <code>W<\/code> = Bildschirm schwarz (<code>B<\/code>) oder wei\u00df (<code>W<\/code>) schalten.<br \/>\n<code>Ctrl<\/code> + <code>H<\/code> = Suchen und ersetzen.<br \/>\n<code>Ctrl<\/code> + <code>S<\/code> = Erm\u00f6glicht es, innerhalb der Pr\u00e4sentationsansicht, eine Folie zu w\u00e4hlen.<br \/>\nNummer eingeben + <code>Enter<\/code> = Sprung zu Folie mit eingegebener Nummer.<br \/>\n<code>Ctrl<\/code> + <code>P<\/code> = Stifteingabe.<br \/>\n<code>Ctrl<\/code> + <code>I<\/code> = gelber Marker.<br \/>\n<code>Ctrl<\/code> + <code>M<\/code> = Markierungen verstecken.<br \/>\n<code>E<\/code> = Markierungen entfernen.<\/p>\n<p><strong>Teams<\/strong><br \/>\n<code>Ctrl<\/code> + <code>Shift<\/code> + <code>M<\/code> = Stummschalten \/ Mikrofon aktivieren.<br \/>\n<code>Ctrl<\/code> + <code>Shift<\/code> + <code>O<\/code> = Kamera aktivieren \/ deaktivieren.<br \/>\n<code>Ctrl<\/code> + <code>Shift<\/code> + <code>K<\/code> = Hand heben \/ senken.<\/p>\n<p><strong>Skype for Business<\/strong><br \/>\n<code>Win<\/code> + <code>F4<\/code> = Stummschalten \/ Mikrofon aktivieren.<br \/>\n<code>Win<\/code> + <code>F5<\/code> = Kamera an- \/ ausschalten.<br \/>\n<code>Win<\/code> + <code>Esc<\/code> = Eingehenden Anruf ablehnen.<br \/>\n<code>Alt<\/code> + <code>V<\/code> = Weiteren Kontakt zu einer Einladung hinzuf\u00fcgen.<br \/>\n<code>Alt<\/code> + <code>T<\/code> = Freigabe beenden.<\/p>\n<p><strong>Outlook<\/strong><br \/>\n<code>Ctrl<\/code> + <code>Shift<\/code> + <code>Tab<\/code> = Ordnerbereich, Hauptfenster, Suchleiste und andere Ansichten (Kalender, ToDo, Kontakte) anw\u00e4hlen.<\/p>\n","protected":false},"excerpt":{"rendered":"<p>Allgemeines Tab = Navigationselemente durchspringen. Shift + Tab = Zum vorherigen Navigationselement springen. Ctrl-Codes Ctrl + T = \u00d6ffnet einen neuen Tab. Ctrl + F4 = Schlie\u00dft den fokussierten Tab. Ctrl + Page \u25b2\/\u25bc = Navigieren zwischen Tabs. Ctrl + Tab = Tabs durchgehen. Ctrl + + = Zoom in. Ctrl + &#8211; = Zoom &hellip; <\/p>\n<p class=\"link-more\"><a href=\"https:\/\/johannes-funk.de\/blog\/mein-cheatsheet-fuer-tastenkuerzel-auf-einem-windows-pc\/\" class=\"more-link\"><span class=\"screen-reader-text\">\u201eMein Cheatsheet f\u00fcr Tastenk\u00fcrzel auf einem Windows-PC\u201c<\/span> weiterlesen<\/a><\/p>\n","protected":false},"author":2,"featured_media":0,"parent":0,"menu_order":0,"comment_status":"closed","ping_status":"closed","template":"","meta":{"footnotes":""},"class_list":["post-180","page","type-page","status-publish","hentry"],"_links":{"self":[{"href":"https:\/\/johannes-funk.de\/blog\/wp-json\/wp\/v2\/pages\/180","targetHints":{"allow":["GET"]}}],"collection":[{"href":"https:\/\/johannes-funk.de\/blog\/wp-json\/wp\/v2\/pages"}],"about":[{"href":"https:\/\/johannes-funk.de\/blog\/wp-json\/wp\/v2\/types\/page"}],"author":[{"embeddable":true,"href":"https:\/\/johannes-funk.de\/blog\/wp-json\/wp\/v2\/users\/2"}],"replies":[{"embeddable":true,"href":"https:\/\/johannes-funk.de\/blog\/wp-json\/wp\/v2\/comments?post=180"}],"version-history":[{"count":11,"href":"https:\/\/johannes-funk.de\/blog\/wp-json\/wp\/v2\/pages\/180\/revisions"}],"predecessor-version":[{"id":205,"href":"https:\/\/johannes-funk.de\/blog\/wp-json\/wp\/v2\/pages\/180\/revisions\/205"}],"wp:attachment":[{"href":"https:\/\/johannes-funk.de\/blog\/wp-json\/wp\/v2\/media?parent=180"}],"curies":[{"name":"wp","href":"https:\/\/api.w.org\/{rel}","templated":true}]}}